{"id":327,"date":"2025-10-06T10:20:07","date_gmt":"2025-10-06T10:20:07","guid":{"rendered":"http:\/\/localhost\/g\/cookie-policy-eu\/"},"modified":"2025-11-02T14:04:48","modified_gmt":"2025-11-02T14:04:48","slug":"cookie-richtlinie","status":"publish","type":"page","link":"https:\/\/insight42.com\/de\/cookie-richtlinie\/","title":{"rendered":"Cookie Richtlinie"},"content":{"rendered":"<style>.kb-row-layout-id327_45a39c-70 > .kt-row-column-wrap{align-content:start;}:where(.kb-row-layout-id327_45a39c-70 > .kt-row-column-wrap) > .wp-block-kadence-column{justify-content:start;}.kb-row-layout-id327_45a39c-70 > .kt-row-column-wrap{column-gap:var(--global-kb-gap-md, 2rem);row-gap:var(--global-kb-gap-md, 2rem);max-width:1340px;margin-left:auto;margin-right:auto;padding-top:var(--global-kb-spacing-5xl, 10rem);padding-bottom:var(--global-kb-spacing-4xl, 8rem);grid-template-columns:minmax(0, 1fr);}.kb-row-layout-id327_45a39c-70{background-image:url('https:\/\/insight42.com\/de\/wp-content\/uploads\/2025\/10\/rules.jpg');background-size:cover;background-position:center center;background-attachment:scroll;background-repeat:no-repeat;}.kb-row-layout-id327_45a39c-70 > .kt-row-layout-overlay{opacity:0.30;}@media all and (max-width: 1024px){.kb-row-layout-id327_45a39c-70 > .kt-row-column-wrap{grid-template-columns:minmax(0, 1fr);}}@media all and (max-width: 767px){.kb-row-layout-id327_45a39c-70 > .kt-row-column-wrap{grid-template-columns:minmax(0, 1fr);}}<\/style><div class=\"kb-row-layout-wrap kb-row-layout-id327_45a39c-70 alignnone has-white-background-color kt-row-has-bg wp-block-kadence-rowlayout\"><div class=\"kt-row-column-wrap kt-has-1-columns kt-row-layout-equal kt-tab-layout-inherit kt-mobile-layout-row kt-row-valign-top\">\n<style>.kadence-column327_84197b-b9 > .kt-inside-inner-col,.kadence-column327_84197b-b9 > .kt-inside-inner-col:before{border-top-left-radius:0px;border-top-right-radius:0px;border-bottom-right-radius:0px;border-bottom-left-radius:0px;}.kadence-column327_84197b-b9 > .kt-inside-inner-col{column-gap:var(--global-kb-gap-sm, 1rem);}.kadence-column327_84197b-b9 > .kt-inside-inner-col{flex-direction:column;}.kadence-column327_84197b-b9 > .kt-inside-inner-col > .aligncenter{width:100%;}.kadence-column327_84197b-b9 > .kt-inside-inner-col:before{opacity:0.3;}.kadence-column327_84197b-b9{position:relative;}@media all and (max-width: 1024px){.kadence-column327_84197b-b9 > .kt-inside-inner-col{flex-direction:column;justify-content:center;}}@media all and (max-width: 767px){.kadence-column327_84197b-b9 > .kt-inside-inner-col{flex-direction:column;justify-content:center;}}<\/style>\n<div class=\"wp-block-kadence-column kadence-column327_84197b-b9\"><div class=\"kt-inside-inner-col\"><style>.wp-block-kadence-advancedheading.kt-adv-heading327_4f3e3c-08, .wp-block-kadence-advancedheading.kt-adv-heading327_4f3e3c-08[data-kb-block=\"kb-adv-heading327_4f3e3c-08\"]{padding-top:var(--global-kb-spacing-sm, 1.5rem);padding-bottom:var(--global-kb-spacing-sm, 1.5rem);text-align:center;font-style:normal;}.wp-block-kadence-advancedheading.kt-adv-heading327_4f3e3c-08 mark.kt-highlight, .wp-block-kadence-advancedheading.kt-adv-heading327_4f3e3c-08[data-kb-block=\"kb-adv-heading327_4f3e3c-08\"] mark.kt-highlight{font-style:normal;color:#f76a0c;-webkit-box-decoration-break:clone;box-decoration-break:clone;padding-top:0px;padding-right:0px;padding-bottom:0px;padding-left:0px;}.wp-block-kadence-advancedheading.kt-adv-heading327_4f3e3c-08 img.kb-inline-image, .wp-block-kadence-advancedheading.kt-adv-heading327_4f3e3c-08[data-kb-block=\"kb-adv-heading327_4f3e3c-08\"] img.kb-inline-image{width:150px;vertical-align:baseline;}<\/style>\n<h1 class=\"kt-adv-heading327_4f3e3c-08 wp-block-kadence-advancedheading has-white-color has-text-color\" data-kb-block=\"kb-adv-heading327_4f3e3c-08\"><strong><strong>Cookie-Richtlinie<\/strong><\/strong><\/h1>\n<\/div><\/div>\n\n<\/div><\/div>\n\n<style>.kb-row-layout-id327_d511e8-da > .kt-row-column-wrap{align-content:start;}:where(.kb-row-layout-id327_d511e8-da > .kt-row-column-wrap) > .wp-block-kadence-column{justify-content:start;}.kb-row-layout-id327_d511e8-da > .kt-row-column-wrap{column-gap:var(--global-kb-gap-md, 2rem);row-gap:var(--global-kb-gap-md, 2rem);max-width:1340px;margin-left:auto;margin-right:auto;padding-top:var(--global-kb-spacing-lg, 3rem);padding-bottom:var(--global-kb-spacing-lg, 3rem);grid-template-columns:minmax(0, 1fr);}.kb-row-layout-id327_d511e8-da > .kt-row-layout-overlay{opacity:0.30;}@media all and (max-width: 1024px){.kb-row-layout-id327_d511e8-da > .kt-row-column-wrap{grid-template-columns:minmax(0, 1fr);}}@media all and (max-width: 767px){.kb-row-layout-id327_d511e8-da > .kt-row-column-wrap{grid-template-columns:minmax(0, 1fr);}}<\/style><div class=\"kb-row-layout-wrap kb-row-layout-id327_d511e8-da alignnone has-white-background-color kt-row-has-bg cstm-justify wp-block-kadence-rowlayout\"><div class=\"kt-row-column-wrap kt-has-1-columns kt-row-layout-equal kt-tab-layout-inherit kt-mobile-layout-row kt-row-valign-top\">\n<style>.kadence-column327_d9a152-5d > .kt-inside-inner-col,.kadence-column327_d9a152-5d > .kt-inside-inner-col:before{border-top-left-radius:0px;border-top-right-radius:0px;border-bottom-right-radius:0px;border-bottom-left-radius:0px;}.kadence-column327_d9a152-5d > .kt-inside-inner-col{column-gap:var(--global-kb-gap-sm, 1rem);}.kadence-column327_d9a152-5d > .kt-inside-inner-col{flex-direction:column;}.kadence-column327_d9a152-5d > .kt-inside-inner-col > .aligncenter{width:100%;}.kadence-column327_d9a152-5d > .kt-inside-inner-col:before{opacity:0.3;}.kadence-column327_d9a152-5d{position:relative;}@media all and (max-width: 1024px){.kadence-column327_d9a152-5d > .kt-inside-inner-col{flex-direction:column;justify-content:center;}}@media all and (max-width: 767px){.kadence-column327_d9a152-5d > .kt-inside-inner-col{flex-direction:column;justify-content:center;}}<\/style>\n<div class=\"wp-block-kadence-column kadence-column327_d9a152-5d\"><div class=\"kt-inside-inner-col\">\n<p><em>Diese Cookie-Richtlinie wurde zuletzt am 6. Oktober 2025 aktualisiert und gilt f\u00fcr B\u00fcrger und Personen mit st\u00e4ndigem Wohnsitz im Europ\u00e4ischen Wirtschaftsraum und in der Schweiz.<\/em><\/p>\n\n\n\n<h5 class=\"wp-block-heading\">1. Einleitung<\/h5>\n\n\n\n<p>Unsere Website,&nbsp;&nbsp;<a href=\"https:\/\/insight42.com\/de\">https:\/\/insight42.com\/de<\/a>&nbsp;&nbsp;(nachfolgend: \u201edie Website\u201c), verwendet Cookies und \u00e4hnliche Technologien (der Einfachheit halber werden alle Technologien als \u201eCookies\u201c bezeichnet). Cookies werden auch von Drittanbietern platziert, die wir beauftragt haben. Im folgenden Dokument informieren wir Sie \u00fcber die Verwendung von Cookies auf unserer Website.<\/p>\n\n\n\n<h5 class=\"wp-block-heading\">2. Was sind Cookies?<\/h5>\n\n\n\n<p>Ein Cookie ist eine kleine einfache Datei, die zusammen mit Seiten dieser Website gesendet und von Ihrem Browser auf der Festplatte Ihres Computers oder eines anderen Ger\u00e4ts gespeichert wird. Die darin gespeicherten Informationen k\u00f6nnen bei einem sp\u00e4teren Besuch an unsere Server oder an die Server der jeweiligen Drittanbieter zur\u00fcckgesendet werden.<\/p>\n\n\n\n<h5 class=\"wp-block-heading\">3. Was sind Skripte?<\/h5>\n\n\n\n<p>Ein Skript ist ein St\u00fcck Programmcode, das daf\u00fcr sorgt, dass unsere Website ordnungsgem\u00e4\u00df und interaktiv funktioniert. Dieser Code wird auf unserem Server oder auf Ihrem Ger\u00e4t ausgef\u00fchrt.<\/p>\n\n\n\n<h5 class=\"wp-block-heading\">4. Was ist ein Web-Beacon?<\/h5>\n\n\n\n<p>Ein Web-Beacon (oder ein Pixel-Tag) ist ein kleines, unsichtbares St\u00fcck Text oder Bild auf einer Website, das verwendet wird, um den Datenverkehr auf einer Website zu \u00fcberwachen. Zu diesem Zweck werden mithilfe von Web-Beacons verschiedene Daten \u00fcber Sie gespeichert.<\/p>\n\n\n\n<h5 class=\"wp-block-heading\">5. Cookies<\/h5>\n\n\n\n<p>5.1 Technische oder funktionale Cookies<\/p>\n\n\n\n<p>Einige Cookies stellen sicher, dass bestimmte Teile der Website ordnungsgem\u00e4\u00df funktionieren und Ihre Benutzereinstellungen gespeichert bleiben. Durch das Setzen funktionaler Cookies erleichtern wir Ihnen den Besuch unserer Website. Auf diese Weise m\u00fcssen Sie beim Besuch unserer Website nicht wiederholt dieselben Informationen eingeben, und beispielsweise bleiben die Artikel in Ihrem Warenkorb, bis Sie bezahlt haben. Wir k\u00f6nnen diese Cookies ohne Ihre Zustimmung setzen.<\/p>\n\n\n\n<p>5.2 Statistik-Cookies<\/p>\n\n\n\n<p>Wir verwenden Statistik-Cookies, um die Website-Erfahrung f\u00fcr unsere Benutzer zu optimieren. Mit diesen Statistik-Cookies erhalten wir Einblicke in die Nutzung unserer Website. Wir bitten Sie um Ihre Zustimmung zum Setzen von Statistik-Cookies.<\/p>\n\n\n\n<p>5.3 Marketing-\/Tracking-Cookies<\/p>\n\n\n\n<p>Marketing-\/Tracking-Cookies sind Cookies oder andere Formen der lokalen Speicherung, die verwendet werden, um Benutzerprofile zu erstellen, um Werbung anzuzeigen oder den Benutzer auf dieser Website oder auf mehreren Websites f\u00fcr \u00e4hnliche Marketingzwecke zu verfolgen.<\/p>\n\n\n\n<p>5.4 Soziale Medien<\/p>\n\n\n\n<p>Auf unserer Website binden wir Inhalte von Facebook, Twitter, LinkedIn, WhatsApp und Instagram ein, um Webseiten zu bewerben (z. B. durch \u201eGef\u00e4llt mir\u201c, \u201ePinnen\u201c) oder in sozialen Netzwerken wie Facebook, Twitter, LinkedIn, WhatsApp und Instagram zu teilen (z. B. durch \u201eTweeten\u201c). Diese Inhalte enthalten Code, der von Facebook, Twitter, LinkedIn, WhatsApp und Instagram stammt, und setzen Cookies. Dabei k\u00f6nnen bestimmte Informationen f\u00fcr personalisierte Werbung gespeichert und verarbeitet werden.<\/p>\n\n\n\n<p>Bitte lesen Sie die Datenschutzerkl\u00e4rung dieser sozialen Netzwerke (die sich regelm\u00e4\u00dfig \u00e4ndern kann), um zu erfahren, was diese mit Ihren (personenbezogenen) Daten tun, die sie mithilfe dieser Cookies verarbeiten. Die erhobenen Daten werden so weit wie m\u00f6glich anonymisiert. Facebook, Twitter, LinkedIn, WhatsApp und Instagram befinden sich in den Vereinigten Staaten.<\/p>\n\n\n\n<h5 class=\"wp-block-heading\">6. Zweck wird noch gepr\u00fcft. Einwilligung zu verschiedenen Diensten<\/h5>\n\n\n\n<p>Wenn Sie unsere Website zum ersten Mal besuchen, wird Ihnen ein Pop-up mit einer Erkl\u00e4rung zu Cookies angezeigt. Sobald Sie auf \u201eEinstellungen speichern\u201c klicken, stimmen Sie der Verwendung der von Ihnen im Pop-up ausgew\u00e4hlten Cookie-Kategorien und Plug-ins gem\u00e4\u00df dieser Cookie-Richtlinie zu. Sie k\u00f6nnen die Verwendung von Cookies \u00fcber Ihren Browser deaktivieren. Bitte beachten Sie jedoch, dass unsere Website dann m\u00f6glicherweise nicht mehr ordnungsgem\u00e4\u00df funktioniert.<\/p>\n\n\n\n<p>7.1 Ihre Einwilligungseinstellungen verwalten<\/p>\n\n\n\n<p>Sie haben die Cookie-Richtlinie ohne JavaScript-Unterst\u00fctzung geladen. Auf AMP k\u00f6nnen Sie die Schaltfl\u00e4che \u201eEinwilligung verwalten\u201c am unteren Rand der Seite verwenden.<\/p>\n\n\n\n<h5 class=\"wp-block-heading\">7. Aktivieren\/Deaktivieren und L\u00f6schen von Cookies<\/h5>\n\n\n\n<p>Sie k\u00f6nnen Ihren Internetbrowser verwenden, um Cookies automatisch oder manuell zu l\u00f6schen. Sie k\u00f6nnen auch festlegen, dass bestimmte Cookies nicht gesetzt werden d\u00fcrfen. Eine weitere M\u00f6glichkeit besteht darin, die Einstellungen Ihres Internetbrowsers so zu \u00e4ndern, dass Sie jedes Mal eine Nachricht erhalten, wenn ein Cookie gesetzt wird. Weitere Informationen zu diesen Optionen finden Sie in der Hilfe Ihres Browsers.<\/p>\n\n\n\n<p>Bitte beachten Sie, dass unsere Website m\u00f6glicherweise nicht ordnungsgem\u00e4\u00df funktioniert, wenn alle Cookies deaktiviert sind. Wenn Sie die Cookies in Ihrem Browser l\u00f6schen, werden sie nach Ihrer Zustimmung beim n\u00e4chsten Besuch unserer Website erneut gesetzt.<\/p>\n\n\n\n<h5 class=\"wp-block-heading\">8. Ihre Rechte in Bezug auf personenbezogene Daten<\/h5>\n\n\n\n<p>Sie haben die folgenden Rechte in Bezug auf Ihre personenbezogenen Daten:<\/p>\n\n\n\n<ul class=\"wp-block-list\">\n<li>Sie haben das Recht zu erfahren, warum Ihre personenbezogenen Daten ben\u00f6tigt werden, was mit ihnen geschieht und wie lange sie gespeichert werden.<\/li>\n\n\n\n<li>Auskunftsrecht: Sie haben das Recht, auf Ihre uns bekannten personenbezogenen Daten zuzugreifen.<\/li>\n\n\n\n<li>Recht auf Berichtigung: Sie haben das Recht, Ihre personenbezogenen Daten jederzeit zu erg\u00e4nzen, zu berichtigen, l\u00f6schen oder sperren zu lassen.<\/li>\n\n\n\n<li>Wenn Sie uns Ihre Einwilligung zur Verarbeitung Ihrer Daten erteilen, haben Sie das Recht, diese Einwilligung zu widerrufen und Ihre personenbezogenen Daten l\u00f6schen zu lassen<\/li>\n\n\n\n<li>Recht auf Daten\u00fcbertragbarkeit: Sie haben das Recht, alle Ihre personenbezogenen Daten vom Verantwortlichen anzufordern und diese vollst\u00e4ndig an einen anderen Verantwortlichen zu \u00fcbertragen.<\/li>\n\n\n\n<li>Widerspruchsrecht: Sie k\u00f6nnen der Verarbeitung Ihrer Daten widersprechen. Wir kommen diesem Widerspruch nach, es sei denn, es liegen berechtigte Gr\u00fcnde f\u00fcr die Verarbeitung vor<\/li>\n<\/ul>\n\n\n\n<p>Um diese Rechte auszu\u00fcben, kontaktieren Sie uns bitte. Die Kontaktdaten finden Sie am Ende dieser Cookie-Richtlinie. Wenn Sie eine Beschwerde dar\u00fcber haben, wie wir Ihre Daten verarbeiten, w\u00fcrden wir uns freuen, von Ihnen zu h\u00f6ren. Sie haben aber auch das Recht, eine Beschwerde bei der Aufsichtsbeh\u00f6rde (der Datenschutzbeh\u00f6rde) einzureichen.<\/p>\n\n\n\n<h5 class=\"wp-block-heading\">9. Kontaktdaten<\/h5>\n\n\n\n<p>Bei Fragen und\/oder Anmerkungen zu unserer Cookie-Richtlinie und dieser Erkl\u00e4rung kontaktieren Sie uns bitte unter den folgenden Kontaktdaten:<\/p>\n\n\n\n<p>insight42.com<br>Feringastr. 6, Unterf\u00f6hring, 85774<br>Deutschland<br>Webseite:&nbsp;&nbsp;<a href=\"https:\/\/insight42.com\/de\">https:\/\/insight42.com<\/a><br>E-Mail: myinfo@insight42.com<\/p>\n\n\n\n<p>Diese Cookie-Richtlinie wurde mit&nbsp;&nbsp;<a href=\"https:\/\/cookiedatabase.org\/\">cookiedatabase.org<\/a>&nbsp;synchronisiert &nbsp;am (noch nicht synchronisiert).<\/p>\n<\/div><\/div>\n\n<\/div><\/div>","protected":false},"excerpt":{"rendered":"<p>Cookie-Richtlinie Diese Cookie-Richtlinie wurde zuletzt am 6. Oktober 2025 aktualisiert und gilt f\u00fcr B\u00fcrger und Personen mit st\u00e4ndigem Wohnsitz im Europ\u00e4ischen Wirtschaftsraum und in der Schweiz. 1. Einleitung Unsere Website,&nbsp;&nbsp;https:\/\/insight42.com\/de&nbsp;&nbsp;(nachfolgend: \u201edie Website\u201c), verwendet Cookies und \u00e4hnliche Technologien (der Einfachheit halber werden alle Technologien als \u201eCookies\u201c bezeichnet). Cookies werden auch von Drittanbietern platziert, die wir beauftragt [&hellip;]<\/p>\n","protected":false},"author":1,"featured_media":0,"parent":0,"menu_order":0,"comment_status":"closed","ping_status":"closed","template":"simple.php","meta":{"footnotes":""},"class_list":["post-327","page","type-page","status-publish","hentry"],"_hostinger_reach_plugin_has_subscription_block":false,"_hostinger_reach_plugin_is_elementor":false,"_links":{"self":[{"href":"https:\/\/insight42.com\/de\/wp-json\/wp\/v2\/pages\/327","targetHints":{"allow":["GET"]}}],"collection":[{"href":"https:\/\/insight42.com\/de\/wp-json\/wp\/v2\/pages"}],"about":[{"href":"https:\/\/insight42.com\/de\/wp-json\/wp\/v2\/types\/page"}],"author":[{"embeddable":true,"href":"https:\/\/insight42.com\/de\/wp-json\/wp\/v2\/users\/1"}],"replies":[{"embeddable":true,"href":"https:\/\/insight42.com\/de\/wp-json\/wp\/v2\/comments?post=327"}],"version-history":[{"count":10,"href":"https:\/\/insight42.com\/de\/wp-json\/wp\/v2\/pages\/327\/revisions"}],"predecessor-version":[{"id":1226,"href":"https:\/\/insight42.com\/de\/wp-json\/wp\/v2\/pages\/327\/revisions\/1226"}],"wp:attachment":[{"href":"https:\/\/insight42.com\/de\/wp-json\/wp\/v2\/media?parent=327"}],"curies":[{"name":"wp","href":"https:\/\/api.w.org\/{rel}","templated":true}]}}