{"id":222,"date":"2025-10-05T12:54:23","date_gmt":"2025-10-05T12:54:23","guid":{"rendered":"http:\/\/localhost\/g\/?page_id=222"},"modified":"2025-11-06T14:37:34","modified_gmt":"2025-11-06T14:37:34","slug":"einblicke","status":"publish","type":"page","link":"https:\/\/insight42.com\/de\/einblicke\/","title":{"rendered":"Einblicke"},"content":{"rendered":"<style>.kb-row-layout-id222_e254d9-73 > .kt-row-column-wrap{align-content:start;}:where(.kb-row-layout-id222_e254d9-73 > .kt-row-column-wrap) > .wp-block-kadence-column{justify-content:start;}.kb-row-layout-id222_e254d9-73 > .kt-row-column-wrap{column-gap:var(--global-kb-gap-md, 2rem);row-gap:var(--global-kb-gap-md, 2rem);max-width:1340px;margin-left:auto;margin-right:auto;padding-top:var(--global-kb-spacing-5xl, 10rem);padding-bottom:var(--global-kb-spacing-4xl, 8rem);grid-template-columns:minmax(0, calc(65% - ((var(--global-kb-gap-md, 2rem) * 1 )\/2)))minmax(0, calc(35% - ((var(--global-kb-gap-md, 2rem) * 1 )\/2)));}.kb-row-layout-id222_e254d9-73{background-image:url('https:\/\/insight42.com\/de\/wp-content\/uploads\/2025\/10\/insights.jpg');background-size:cover;background-position:center center;background-attachment:scroll;background-repeat:no-repeat;}.kb-row-layout-id222_e254d9-73 > .kt-row-layout-overlay{opacity:0.30;}@media all and (max-width: 1024px){.kb-row-layout-id222_e254d9-73 > .kt-row-column-wrap{grid-template-columns:repeat(2, minmax(0, 1fr));}}@media all and (max-width: 767px){.kb-row-layout-id222_e254d9-73 > .kt-row-column-wrap{grid-template-columns:minmax(0, 1fr);}}<\/style><div class=\"kb-row-layout-wrap kb-row-layout-id222_e254d9-73 alignnone has-white-background-color kt-row-has-bg wp-block-kadence-rowlayout\"><div class=\"kt-row-column-wrap kt-has-2-columns kt-row-layout-equal kt-tab-layout-inherit kt-mobile-layout-row kt-row-valign-top\">\n<style>.kadence-column222_f8c7ce-b5 > .kt-inside-inner-col,.kadence-column222_f8c7ce-b5 > .kt-inside-inner-col:before{border-top-left-radius:0px;border-top-right-radius:0px;border-bottom-right-radius:0px;border-bottom-left-radius:0px;}.kadence-column222_f8c7ce-b5 > .kt-inside-inner-col{column-gap:var(--global-kb-gap-sm, 1rem);}.kadence-column222_f8c7ce-b5 > .kt-inside-inner-col{flex-direction:column;}.kadence-column222_f8c7ce-b5 > .kt-inside-inner-col > .aligncenter{width:100%;}.kadence-column222_f8c7ce-b5 > .kt-inside-inner-col:before{opacity:0.3;}.kadence-column222_f8c7ce-b5{position:relative;}@media all and (max-width: 1024px){.kadence-column222_f8c7ce-b5 > .kt-inside-inner-col{flex-direction:column;justify-content:center;}}@media all and (max-width: 767px){.kadence-column222_f8c7ce-b5 > .kt-inside-inner-col{flex-direction:column;justify-content:center;}}<\/style>\n<div class=\"wp-block-kadence-column kadence-column222_f8c7ce-b5\"><div class=\"kt-inside-inner-col\"><style>.wp-block-kadence-advancedheading.kt-adv-heading222_350a63-7e, .wp-block-kadence-advancedheading.kt-adv-heading222_350a63-7e[data-kb-block=\"kb-adv-heading222_350a63-7e\"]{font-style:normal;}.wp-block-kadence-advancedheading.kt-adv-heading222_350a63-7e mark.kt-highlight, .wp-block-kadence-advancedheading.kt-adv-heading222_350a63-7e[data-kb-block=\"kb-adv-heading222_350a63-7e\"] mark.kt-highlight{font-style:normal;color:#f76a0c;-webkit-box-decoration-break:clone;box-decoration-break:clone;padding-top:0px;padding-right:0px;padding-bottom:0px;padding-left:0px;}.wp-block-kadence-advancedheading.kt-adv-heading222_350a63-7e img.kb-inline-image, .wp-block-kadence-advancedheading.kt-adv-heading222_350a63-7e[data-kb-block=\"kb-adv-heading222_350a63-7e\"] img.kb-inline-image{width:150px;vertical-align:baseline;}<\/style>\n<h5 class=\"kt-adv-heading222_350a63-7e wp-block-kadence-advancedheading has-white-color has-text-color\" data-kb-block=\"kb-adv-heading222_350a63-7e\"><strong><strong>DIE EINBLICKE<\/strong><\/strong><\/h5>\n\n\n<style>.wp-block-kadence-spacer.kt-block-spacer-222_21c958-9a .kt-block-spacer{height:6px;}.wp-block-kadence-spacer.kt-block-spacer-222_21c958-9a .kt-divider{border-top-width:2px;border-top-color:#9b51e0;width:40px;border-top-style:solid;}<\/style>\n<div class=\"wp-block-kadence-spacer aligncenter kt-block-spacer-222_21c958-9a\"><div class=\"kt-block-spacer kt-block-spacer-halign-left\"><hr class=\"kt-divider\"\/><\/div><\/div>\n\n\n<style>.wp-block-kadence-advancedheading.kt-adv-heading222_21492f-27, .wp-block-kadence-advancedheading.kt-adv-heading222_21492f-27[data-kb-block=\"kb-adv-heading222_21492f-27\"]{padding-top:var(--global-kb-spacing-sm, 1.5rem);padding-bottom:var(--global-kb-spacing-sm, 1.5rem);font-style:normal;}.wp-block-kadence-advancedheading.kt-adv-heading222_21492f-27 mark.kt-highlight, .wp-block-kadence-advancedheading.kt-adv-heading222_21492f-27[data-kb-block=\"kb-adv-heading222_21492f-27\"] mark.kt-highlight{font-style:normal;color:#f76a0c;-webkit-box-decoration-break:clone;box-decoration-break:clone;padding-top:0px;padding-right:0px;padding-bottom:0px;padding-left:0px;}.wp-block-kadence-advancedheading.kt-adv-heading222_21492f-27 img.kb-inline-image, .wp-block-kadence-advancedheading.kt-adv-heading222_21492f-27[data-kb-block=\"kb-adv-heading222_21492f-27\"] img.kb-inline-image{width:150px;vertical-align:baseline;}<\/style>\n<h1 class=\"kt-adv-heading222_21492f-27 wp-block-kadence-advancedheading has-white-color has-text-color\" data-kb-block=\"kb-adv-heading222_21492f-27\"><strong><strong>Bleiben Sie mit den neuesten Technologie-Einblicken immer einen Schritt voraus<\/strong><\/strong><\/h1>\n\n\n\n<p class=\"has-white-color has-text-color has-link-color wp-elements-820832320b23f6a5b246c492ea42939d\">Entdecken Sie unsere kuratierten Artikel und Expertenperspektiven zu aufkommenden Technologietrends, Innovationen und Best Practices, um Ihr Unternehmen informiert und zukunftsf\u00e4hig zu halten.<\/p>\n<\/div><\/div>\n\n\n<style>.kadence-column222_0b77a3-ec > .kt-inside-inner-col,.kadence-column222_0b77a3-ec > .kt-inside-inner-col:before{border-top-left-radius:0px;border-top-right-radius:0px;border-bottom-right-radius:0px;border-bottom-left-radius:0px;}.kadence-column222_0b77a3-ec > .kt-inside-inner-col{column-gap:var(--global-kb-gap-sm, 1rem);}.kadence-column222_0b77a3-ec > .kt-inside-inner-col{flex-direction:column;}.kadence-column222_0b77a3-ec > .kt-inside-inner-col > .aligncenter{width:100%;}.kadence-column222_0b77a3-ec > .kt-inside-inner-col:before{opacity:0.3;}.kadence-column222_0b77a3-ec{position:relative;}@media all and (max-width: 1024px){.kadence-column222_0b77a3-ec > .kt-inside-inner-col{flex-direction:column;justify-content:center;}}@media all and (max-width: 767px){.kadence-column222_0b77a3-ec > .kt-inside-inner-col{flex-direction:column;justify-content:center;}}<\/style>\n<div class=\"wp-block-kadence-column kadence-column222_0b77a3-ec\"><div class=\"kt-inside-inner-col\"><\/div><\/div>\n\n<\/div><\/div>\n\n<style>.kb-row-layout-id222_2f50c9-97 > .kt-row-column-wrap{align-content:start;}:where(.kb-row-layout-id222_2f50c9-97 > .kt-row-column-wrap) > .wp-block-kadence-column{justify-content:start;}.kb-row-layout-id222_2f50c9-97 > .kt-row-column-wrap{column-gap:var(--global-kb-gap-md, 2rem);row-gap:var(--global-kb-gap-md, 2rem);max-width:1340px;margin-left:auto;margin-right:auto;padding-top:var(--global-kb-spacing-md, 2rem);padding-bottom:var(--global-kb-spacing-md, 2rem);grid-template-columns:minmax(0, 1fr);}.kb-row-layout-id222_2f50c9-97 > .kt-row-layout-overlay{opacity:0.30;}@media all and (max-width: 1024px){.kb-row-layout-id222_2f50c9-97 > .kt-row-column-wrap{grid-template-columns:minmax(0, 1fr);}}@media all and (max-width: 767px){.kb-row-layout-id222_2f50c9-97 > .kt-row-column-wrap{grid-template-columns:minmax(0, 1fr);}}<\/style><div class=\"kb-row-layout-wrap kb-row-layout-id222_2f50c9-97 alignnone has-white-background-color kt-row-has-bg wp-block-kadence-rowlayout\"><div class=\"kt-row-column-wrap kt-has-1-columns kt-row-layout-equal kt-tab-layout-inherit kt-mobile-layout-row kt-row-valign-top\">\n<style>.kadence-column222_b97097-1f > .kt-inside-inner-col,.kadence-column222_b97097-1f > .kt-inside-inner-col:before{border-top-left-radius:0px;border-top-right-radius:0px;border-bottom-right-radius:0px;border-bottom-left-radius:0px;}.kadence-column222_b97097-1f > .kt-inside-inner-col{column-gap:var(--global-kb-gap-sm, 1rem);}.kadence-column222_b97097-1f > .kt-inside-inner-col{flex-direction:column;}.kadence-column222_b97097-1f > .kt-inside-inner-col > .aligncenter{width:100%;}.kadence-column222_b97097-1f > .kt-inside-inner-col:before{opacity:0.3;}.kadence-column222_b97097-1f{position:relative;}@media all and (max-width: 1024px){.kadence-column222_b97097-1f > .kt-inside-inner-col{flex-direction:column;justify-content:center;}}@media all and (max-width: 767px){.kadence-column222_b97097-1f > .kt-inside-inner-col{flex-direction:column;justify-content:center;}}<\/style>\n<div class=\"wp-block-kadence-column kadence-column222_b97097-1f\"><div class=\"kt-inside-inner-col\"><div class=\"container my-5\"><div class=\"row g-4\"><div class=\"col-md-4\">\n    <a href=\"https:\/\/insight42.com\/de\/geschaftswachstum-mit-cloud-data-lake-und-ki-losungen-fordern\/\" class=\"text-decoration-none text-dark blog-link\">\n        <div class=\"card border-0 h-100 overflow-hidden\">\n                        <figure class=\"m-0 overflow-hidden position-relative\">\n                <img decoding=\"async\" src=\"https:\/\/insight42.com\/de\/wp-content\/uploads\/2025\/10\/datalake.jpg\" alt=\"Gesch\u00e4ftswachstum mit Cloud Data Lake- und KI-L\u00f6sungen f\u00f6rdern\"\n                    class=\"card-img-top blog-img\">\n            <\/figure>\n                        <div class=\"card-body\">\n                                <span class=\"cat-blogs-display mb-2\">Uncategorized<\/span>\n                                <h4 class=\"card-title mb-0\">Gesch\u00e4ftswachstum mit Cloud Data Lake- und KI-L\u00f6sungen f\u00f6rdern<\/h4>\n            <\/div>\n        <\/div>\n    <\/a>\n<\/div>\n<div class=\"col-md-4\">\n    <a href=\"https:\/\/insight42.com\/de\/azure-cloud-adoption-framework-a-structured-approach-to-cloud-success\/\" class=\"text-decoration-none text-dark blog-link\">\n        <div class=\"card border-0 h-100 overflow-hidden\">\n                        <figure class=\"m-0 overflow-hidden position-relative\">\n                <img decoding=\"async\" src=\"https:\/\/insight42.com\/de\/wp-content\/uploads\/2025\/10\/cloud_service_providers.jpg\" alt=\"Azure Cloud-Einf\u00fchrungsrahmen: Ein strukturierter Ansatz f\u00fcr den Cloud-Erfolg\"\n                    class=\"card-img-top blog-img\">\n            <\/figure>\n                        <div class=\"card-body\">\n                                <span class=\"cat-blogs-display mb-2\">Uncategorized<\/span>\n                                <h4 class=\"card-title mb-0\">Azure Cloud-Einf\u00fchrungsrahmen: Ein strukturierter Ansatz f\u00fcr den Cloud-Erfolg<\/h4>\n            <\/div>\n        <\/div>\n    <\/a>\n<\/div>\n<div class=\"col-md-4\">\n    <a href=\"https:\/\/insight42.com\/de\/gcp-databricks-and-hashicorp-vault-integration\/\" class=\"text-decoration-none text-dark blog-link\">\n        <div class=\"card border-0 h-100 overflow-hidden\">\n                        <figure class=\"m-0 overflow-hidden position-relative\">\n                <img decoding=\"async\" src=\"https:\/\/insight42.com\/de\/wp-content\/uploads\/2025\/10\/encryption.jpg\" alt=\"GCP DataBricks und HashiCorp Vault Integration\"\n                    class=\"card-img-top blog-img\">\n            <\/figure>\n                        <div class=\"card-body\">\n                                <span class=\"cat-blogs-display mb-2\">Uncategorized<\/span>\n                                <h4 class=\"card-title mb-0\">GCP DataBricks und HashiCorp Vault Integration<\/h4>\n            <\/div>\n        <\/div>\n    <\/a>\n<\/div>\n<\/div><\/div>\n<\/div><\/div>\n\n<\/div><\/div>\n\n<style>.kb-row-layout-id222_560e50-70 > .kt-row-column-wrap{align-content:start;}:where(.kb-row-layout-id222_560e50-70 > .kt-row-column-wrap) > .wp-block-kadence-column{justify-content:start;}.kb-row-layout-id222_560e50-70 > .kt-row-column-wrap{column-gap:var(--global-kb-gap-md, 2rem);row-gap:var(--global-kb-gap-md, 2rem);max-width:1100px;margin-left:auto;margin-right:auto;padding-top:var(--global-kb-spacing-xl, 4rem);padding-bottom:var(--global-kb-spacing-xl, 4rem);grid-template-columns:minmax(0, 1fr);}.kb-row-layout-id222_560e50-70{background-image:url('https:\/\/insight42.com\/de\/wp-content\/uploads\/2025\/10\/bg-3.jpg');background-size:cover;background-position:center center;background-attachment:scroll;background-repeat:no-repeat;}.kb-row-layout-id222_560e50-70 > .kt-row-layout-overlay{opacity:0.30;}@media all and (max-width: 1024px){.kb-row-layout-id222_560e50-70 > .kt-row-column-wrap{grid-template-columns:minmax(0, 1fr);}}@media all and (max-width: 767px){.kb-row-layout-id222_560e50-70 > .kt-row-column-wrap{grid-template-columns:minmax(0, 1fr);}}<\/style><div class=\"kb-row-layout-wrap kb-row-layout-id222_560e50-70 alignnone kt-row-has-bg wp-block-kadence-rowlayout\"><div class=\"kt-row-column-wrap kt-has-1-columns kt-row-layout-equal kt-tab-layout-inherit kt-mobile-layout-row kt-row-valign-top\">\n<style>.kadence-column222_cfedcb-85 > .kt-inside-inner-col,.kadence-column222_cfedcb-85 > .kt-inside-inner-col:before{border-top-left-radius:0px;border-top-right-radius:0px;border-bottom-right-radius:0px;border-bottom-left-radius:0px;}.kadence-column222_cfedcb-85 > .kt-inside-inner-col{column-gap:var(--global-kb-gap-sm, 1rem);}.kadence-column222_cfedcb-85 > .kt-inside-inner-col{flex-direction:column;}.kadence-column222_cfedcb-85 > .kt-inside-inner-col > .aligncenter{width:100%;}.kadence-column222_cfedcb-85 > .kt-inside-inner-col:before{opacity:0.3;}.kadence-column222_cfedcb-85{position:relative;}@media all and (max-width: 1024px){.kadence-column222_cfedcb-85 > .kt-inside-inner-col{flex-direction:column;justify-content:center;}}@media all and (max-width: 767px){.kadence-column222_cfedcb-85 > .kt-inside-inner-col{flex-direction:column;justify-content:center;}}<\/style>\n<div class=\"wp-block-kadence-column kadence-column222_cfedcb-85\"><div class=\"kt-inside-inner-col\"><style>.kadence-column222_d546c0-2d > .kt-inside-inner-col,.kadence-column222_d546c0-2d > .kt-inside-inner-col:before{border-top-left-radius:0px;border-top-right-radius:0px;border-bottom-right-radius:0px;border-bottom-left-radius:0px;}.kadence-column222_d546c0-2d > .kt-inside-inner-col{column-gap:var(--global-kb-gap-sm, 1rem);}.kadence-column222_d546c0-2d > .kt-inside-inner-col{flex-direction:column;}.kadence-column222_d546c0-2d > .kt-inside-inner-col > .aligncenter{width:100%;}.kadence-column222_d546c0-2d > .kt-inside-inner-col:before{opacity:0.3;}.kadence-column222_d546c0-2d{position:relative;}@media all and (max-width: 1024px){.kadence-column222_d546c0-2d > .kt-inside-inner-col{flex-direction:column;justify-content:center;}}@media all and (max-width: 767px){.kadence-column222_d546c0-2d > .kt-inside-inner-col{flex-direction:column;justify-content:center;}}<\/style>\n<div class=\"wp-block-kadence-column kadence-column222_d546c0-2d\"><div class=\"kt-inside-inner-col\"><style>.wp-block-kadence-advancedheading.kt-adv-heading222_04044a-45, .wp-block-kadence-advancedheading.kt-adv-heading222_04044a-45[data-kb-block=\"kb-adv-heading222_04044a-45\"]{display:block;margin-bottom:var(--global-kb-spacing-xs, 1rem);text-align:center;font-style:normal;text-transform:uppercase;}.wp-block-kadence-advancedheading.kt-adv-heading222_04044a-45 mark.kt-highlight, .wp-block-kadence-advancedheading.kt-adv-heading222_04044a-45[data-kb-block=\"kb-adv-heading222_04044a-45\"] mark.kt-highlight{font-style:normal;color:#f76a0c;-webkit-box-decoration-break:clone;box-decoration-break:clone;padding-top:0px;padding-right:0px;padding-bottom:0px;padding-left:0px;}.wp-block-kadence-advancedheading.kt-adv-heading222_04044a-45 img.kb-inline-image, .wp-block-kadence-advancedheading.kt-adv-heading222_04044a-45[data-kb-block=\"kb-adv-heading222_04044a-45\"] img.kb-inline-image{width:150px;vertical-align:baseline;}<\/style>\n<span class=\"kt-adv-heading222_04044a-45 wp-block-kadence-advancedheading has-white-color has-text-color\" data-kb-block=\"kb-adv-heading222_04044a-45\">Entfesseln Sie Ihr Gesch\u00e4ftspotenzial mit Insight 42<\/span>\n\n\n<style>.wp-block-kadence-advancedheading.kt-adv-heading222_baa7ac-5c, .wp-block-kadence-advancedheading.kt-adv-heading222_baa7ac-5c[data-kb-block=\"kb-adv-heading222_baa7ac-5c\"]{margin-top:0px;margin-bottom:var(--global-kb-spacing-md, 2rem);text-align:center;font-size:var(--global-kb-font-size-lg, 2rem);line-height:1.2;font-style:normal;}.wp-block-kadence-advancedheading.kt-adv-heading222_baa7ac-5c mark.kt-highlight, .wp-block-kadence-advancedheading.kt-adv-heading222_baa7ac-5c[data-kb-block=\"kb-adv-heading222_baa7ac-5c\"] mark.kt-highlight{font-style:normal;color:#f76a0c;-webkit-box-decoration-break:clone;box-decoration-break:clone;padding-top:0px;padding-right:0px;padding-bottom:0px;padding-left:0px;}.wp-block-kadence-advancedheading.kt-adv-heading222_baa7ac-5c img.kb-inline-image, .wp-block-kadence-advancedheading.kt-adv-heading222_baa7ac-5c[data-kb-block=\"kb-adv-heading222_baa7ac-5c\"] img.kb-inline-image{width:150px;vertical-align:baseline;}<\/style>\n<h2 class=\"kt-adv-heading222_baa7ac-5c wp-block-kadence-advancedheading has-white-color has-text-color\" data-kb-block=\"kb-adv-heading222_baa7ac-5c\"><strong><strong>Nutzen Sie KI, Cloud und Automatisierung, um Effizienz, Sicherheit und Wachstum f\u00fcr Ihr Unternehmen zu f\u00f6rdern.<\/strong><\/strong><\/h2>\n\n\n<style>.wp-block-kadence-advancedbtn.kb-btns222_0d1bdd-71{gap:var(--global-kb-gap-xs, 0.5rem );justify-content:center;align-items:center;}.kt-btns222_0d1bdd-71 .kt-button{font-weight:normal;font-style:normal;}.kt-btns222_0d1bdd-71 .kt-btn-wrap-0{margin-right:5px;}.wp-block-kadence-advancedbtn.kt-btns222_0d1bdd-71 .kt-btn-wrap-0 .kt-button{color:#555555;border-color:#555555;}.wp-block-kadence-advancedbtn.kt-btns222_0d1bdd-71 .kt-btn-wrap-0 .kt-button:hover, .wp-block-kadence-advancedbtn.kt-btns222_0d1bdd-71 .kt-btn-wrap-0 .kt-button:focus{color:#ffffff;border-color:#444444;}.wp-block-kadence-advancedbtn.kt-btns222_0d1bdd-71 .kt-btn-wrap-0 .kt-button::before{display:none;}.wp-block-kadence-advancedbtn.kt-btns222_0d1bdd-71 .kt-btn-wrap-0 .kt-button:hover, .wp-block-kadence-advancedbtn.kt-btns222_0d1bdd-71 .kt-btn-wrap-0 .kt-button:focus{background:#444444;}<\/style>\n<div class=\"wp-block-kadence-advancedbtn kb-buttons-wrap kb-btns222_0d1bdd-71\"><style>ul.menu .wp-block-kadence-advancedbtn .kb-btn222_a9fe1e-56.kb-button{width:initial;}.wp-block-kadence-advancedbtn .kb-btn222_a9fe1e-56.kb-button{color:#9b51e0;background:#ffffff;}.wp-block-kadence-advancedbtn .kb-btn222_a9fe1e-56.kb-button:hover, .wp-block-kadence-advancedbtn .kb-btn222_a9fe1e-56.kb-button:focus{color:#ffffff;background:#bb79f6;}<\/style><a class=\"kb-button kt-button button kb-btn222_a9fe1e-56 kt-btn-size-standard kt-btn-width-type-auto kb-btn-global-inherit  kt-btn-has-text-true kt-btn-has-svg-false  wp-block-button__link wp-block-kadence-singlebtn\" href=\"https:\/\/insight42.com\/de\/kontakt\/\"><span class=\"kt-btn-inner-text\">Jetzt starten<\/span><\/a><\/div>\n<\/div><\/div>\n<\/div><\/div>\n\n<\/div><\/div>","protected":false},"excerpt":{"rendered":"<p>DIE EINBLICKE Bleiben Sie mit den neuesten Technologie-Einblicken immer einen Schritt voraus Entdecken Sie unsere kuratierten Artikel und Expertenperspektiven zu aufkommenden Technologietrends, Innovationen und Best Practices, um Ihr Unternehmen informiert und zukunftsf\u00e4hig zu halten. Entfesseln Sie Ihr Gesch\u00e4ftspotenzial mit Insight 42 Nutzen Sie KI, Cloud und Automatisierung, um Effizienz, Sicherheit und Wachstum f\u00fcr Ihr Unternehmen [&hellip;]<\/p>\n","protected":false},"author":1,"featured_media":0,"parent":0,"menu_order":0,"comment_status":"closed","ping_status":"closed","template":"simple.php","meta":{"footnotes":""},"class_list":["post-222","page","type-page","status-publish","hentry"],"_hostinger_reach_plugin_has_subscription_block":false,"_hostinger_reach_plugin_is_elementor":false,"_links":{"self":[{"href":"https:\/\/insight42.com\/de\/wp-json\/wp\/v2\/pages\/222","targetHints":{"allow":["GET"]}}],"collection":[{"href":"https:\/\/insight42.com\/de\/wp-json\/wp\/v2\/pages"}],"about":[{"href":"https:\/\/insight42.com\/de\/wp-json\/wp\/v2\/types\/page"}],"author":[{"embeddable":true,"href":"https:\/\/insight42.com\/de\/wp-json\/wp\/v2\/users\/1"}],"replies":[{"embeddable":true,"href":"https:\/\/insight42.com\/de\/wp-json\/wp\/v2\/comments?post=222"}],"version-history":[{"count":13,"href":"https:\/\/insight42.com\/de\/wp-json\/wp\/v2\/pages\/222\/revisions"}],"predecessor-version":[{"id":1322,"href":"https:\/\/insight42.com\/de\/wp-json\/wp\/v2\/pages\/222\/revisions\/1322"}],"wp:attachment":[{"href":"https:\/\/insight42.com\/de\/wp-json\/wp\/v2\/media?parent=222"}],"curies":[{"name":"wp","href":"https:\/\/api.w.org\/{rel}","templated":true}]}}