{"id":1333,"date":"2025-11-07T04:44:28","date_gmt":"2025-11-07T04:44:28","guid":{"rendered":"https:\/\/insight42.com\/de\/?page_id=1333"},"modified":"2026-02-14T16:34:50","modified_gmt":"2026-02-14T16:34:50","slug":"impressum","status":"publish","type":"page","link":"https:\/\/insight42.com\/de\/impressum\/","title":{"rendered":"Impressum"},"content":{"rendered":"<style>.kb-row-layout-id1333_bf5e27-4a > .kt-row-column-wrap{align-content:start;}:where(.kb-row-layout-id1333_bf5e27-4a > .kt-row-column-wrap) > .wp-block-kadence-column{justify-content:start;}.kb-row-layout-id1333_bf5e27-4a > .kt-row-column-wrap{column-gap:var(--global-kb-gap-md, 2rem);row-gap:var(--global-kb-gap-md, 2rem);max-width:1340px;margin-left:auto;margin-right:auto;padding-top:var(--global-kb-spacing-5xl, 10rem);padding-bottom:var(--global-kb-spacing-4xl, 8rem);grid-template-columns:minmax(0, 1fr);}.kb-row-layout-id1333_bf5e27-4a{background-image:url('https:\/\/insight42.com\/de\/wp-content\/uploads\/2025\/10\/rules.jpg');background-size:cover;background-position:center center;background-attachment:scroll;background-repeat:no-repeat;}.kb-row-layout-id1333_bf5e27-4a > .kt-row-layout-overlay{opacity:0.30;}@media all and (max-width: 1024px){.kb-row-layout-id1333_bf5e27-4a > .kt-row-column-wrap{grid-template-columns:minmax(0, 1fr);}}@media all and (max-width: 767px){.kb-row-layout-id1333_bf5e27-4a > .kt-row-column-wrap{grid-template-columns:minmax(0, 1fr);}}<\/style><div class=\"kb-row-layout-wrap kb-row-layout-id1333_bf5e27-4a alignnone has-white-background-color kt-row-has-bg wp-block-kadence-rowlayout\"><div class=\"kt-row-column-wrap kt-has-1-columns kt-row-layout-equal kt-tab-layout-inherit kt-mobile-layout-row kt-row-valign-top\">\n<style>.kadence-column1333_be4978-8d > .kt-inside-inner-col,.kadence-column1333_be4978-8d > .kt-inside-inner-col:before{border-top-left-radius:0px;border-top-right-radius:0px;border-bottom-right-radius:0px;border-bottom-left-radius:0px;}.kadence-column1333_be4978-8d > .kt-inside-inner-col{column-gap:var(--global-kb-gap-sm, 1rem);}.kadence-column1333_be4978-8d > .kt-inside-inner-col{flex-direction:column;}.kadence-column1333_be4978-8d > .kt-inside-inner-col > .aligncenter{width:100%;}.kadence-column1333_be4978-8d > .kt-inside-inner-col:before{opacity:0.3;}.kadence-column1333_be4978-8d{position:relative;}@media all and (max-width: 1024px){.kadence-column1333_be4978-8d > .kt-inside-inner-col{flex-direction:column;justify-content:center;}}@media all and (max-width: 767px){.kadence-column1333_be4978-8d > .kt-inside-inner-col{flex-direction:column;justify-content:center;}}<\/style>\n<div class=\"wp-block-kadence-column kadence-column1333_be4978-8d\"><div class=\"kt-inside-inner-col\"><style>.wp-block-kadence-advancedheading.kt-adv-heading1333_f88e86-f8, .wp-block-kadence-advancedheading.kt-adv-heading1333_f88e86-f8[data-kb-block=\"kb-adv-heading1333_f88e86-f8\"]{padding-top:var(--global-kb-spacing-sm, 1.5rem);padding-bottom:var(--global-kb-spacing-sm, 1.5rem);text-align:center;font-style:normal;}.wp-block-kadence-advancedheading.kt-adv-heading1333_f88e86-f8 mark.kt-highlight, .wp-block-kadence-advancedheading.kt-adv-heading1333_f88e86-f8[data-kb-block=\"kb-adv-heading1333_f88e86-f8\"] mark.kt-highlight{font-style:normal;color:#f76a0c;-webkit-box-decoration-break:clone;box-decoration-break:clone;padding-top:0px;padding-right:0px;padding-bottom:0px;padding-left:0px;}.wp-block-kadence-advancedheading.kt-adv-heading1333_f88e86-f8 img.kb-inline-image, .wp-block-kadence-advancedheading.kt-adv-heading1333_f88e86-f8[data-kb-block=\"kb-adv-heading1333_f88e86-f8\"] img.kb-inline-image{width:150px;vertical-align:baseline;}<\/style>\n<h1 class=\"kt-adv-heading1333_f88e86-f8 wp-block-kadence-advancedheading has-white-color has-text-color\" data-kb-block=\"kb-adv-heading1333_f88e86-f8\"><strong><strong>Impressum<\/strong><\/strong><\/h1>\n<\/div><\/div>\n\n<\/div><\/div>\n\n<style>.kb-row-layout-id1333_349815-a9 > .kt-row-column-wrap{align-content:start;}:where(.kb-row-layout-id1333_349815-a9 > .kt-row-column-wrap) > .wp-block-kadence-column{justify-content:start;}.kb-row-layout-id1333_349815-a9 > .kt-row-column-wrap{column-gap:var(--global-kb-gap-md, 2rem);row-gap:var(--global-kb-gap-md, 2rem);max-width:1340px;margin-left:auto;margin-right:auto;padding-top:var(--global-kb-spacing-xl, 4rem);padding-bottom:var(--global-kb-spacing-xl, 4rem);grid-template-columns:minmax(0, 1fr);}.kb-row-layout-id1333_349815-a9 > .kt-row-layout-overlay{opacity:0.30;}@media all and (max-width: 1024px){.kb-row-layout-id1333_349815-a9 > .kt-row-column-wrap{grid-template-columns:minmax(0, 1fr);}}@media all and (max-width: 767px){.kb-row-layout-id1333_349815-a9 > .kt-row-column-wrap{grid-template-columns:minmax(0, 1fr);}}<\/style><div class=\"kb-row-layout-wrap kb-row-layout-id1333_349815-a9 alignnone has-white-background-color kt-row-has-bg wp-block-kadence-rowlayout\"><div class=\"kt-row-column-wrap kt-has-1-columns kt-row-layout-equal kt-tab-layout-inherit kt-mobile-layout-row kt-row-valign-top\">\n<style>.kadence-column1333_b422c9-5d > .kt-inside-inner-col,.kadence-column1333_b422c9-5d > .kt-inside-inner-col:before{border-top-left-radius:0px;border-top-right-radius:0px;border-bottom-right-radius:0px;border-bottom-left-radius:0px;}.kadence-column1333_b422c9-5d > .kt-inside-inner-col{column-gap:var(--global-kb-gap-sm, 1rem);}.kadence-column1333_b422c9-5d > .kt-inside-inner-col{flex-direction:column;}.kadence-column1333_b422c9-5d > .kt-inside-inner-col > .aligncenter{width:100%;}.kadence-column1333_b422c9-5d > .kt-inside-inner-col:before{opacity:0.3;}.kadence-column1333_b422c9-5d{position:relative;}@media all and (max-width: 1024px){.kadence-column1333_b422c9-5d > .kt-inside-inner-col{flex-direction:column;justify-content:center;}}@media all and (max-width: 767px){.kadence-column1333_b422c9-5d > .kt-inside-inner-col{flex-direction:column;justify-content:center;}}<\/style>\n<div class=\"wp-block-kadence-column kadence-column1333_b422c9-5d\"><div class=\"kt-inside-inner-col\">\n<p><strong>Insight42 UG<\/strong><br>Barelli Str. 6<br>85049 Ingolstadt<\/p>\n\n\n\n<p>Commercial Register, Sitz Ingolstadt: HRB 12750<br>Registration court: Amtsgericht Ingolstadt<\/p>\n\n\n\n<p><strong>Represented by:<\/strong><br>Gesch\u00e4ftsf\u00fchrer: Martin Lambert<\/p>\n\n\n\n<h4 class=\"wp-block-heading\">Contact<\/h4>\n\n\n\n<p>Phone: +49 (0)841 96 911 766<br>E-mail: myinfo@insight42.com<\/p>\n\n\n\n<h4 class=\"wp-block-heading\">VAT ID<\/h4>\n\n\n\n<p>Sales tax identification number according to Sect. 27 a of the Sales Tax Law:<br>DE320919534<\/p>\n\n\n\n<h4 class=\"wp-block-heading\">Dispute resolution proceedings in front of a consumer arbitration board<\/h4>\n\n\n\n<p>We participate in a dispute settlement procedure before a consumer arbitration board. The competent consumer arbitration board is Zentrum f\u00fcr Schlichtung e.V., Stra\u00dfburger Stra\u00dfe 8, 77694 Kehl am Rhein (<a href=\"https:\/\/www.verbraucher-schlichter.de\/\" rel=\"noreferrer noopener\" target=\"_blank\">https:\/\/www.verbraucher-schlichter.de<\/a>).<\/p>\n<\/div><\/div>\n\n<\/div><\/div>","protected":false},"excerpt":{"rendered":"<p>Impressum Insight42 UGBarelli Str. 685049 Ingolstadt Commercial Register, Sitz Ingolstadt: HRB 12750Registration court: Amtsgericht Ingolstadt Represented by:Gesch\u00e4ftsf\u00fchrer: Martin Lambert Contact Phone: +49 (0)841 96 911 766E-mail: myinfo@insight42.com VAT ID Sales tax identification number according to Sect. 27 a of the Sales Tax Law:DE320919534 Dispute resolution proceedings in front of a consumer arbitration board We participate [&hellip;]<\/p>\n","protected":false},"author":1,"featured_media":0,"parent":0,"menu_order":0,"comment_status":"closed","ping_status":"closed","template":"simple.php","meta":{"footnotes":""},"class_list":["post-1333","page","type-page","status-publish","hentry"],"_hostinger_reach_plugin_has_subscription_block":false,"_hostinger_reach_plugin_is_elementor":false,"_links":{"self":[{"href":"https:\/\/insight42.com\/de\/wp-json\/wp\/v2\/pages\/1333","targetHints":{"allow":["GET"]}}],"collection":[{"href":"https:\/\/insight42.com\/de\/wp-json\/wp\/v2\/pages"}],"about":[{"href":"https:\/\/insight42.com\/de\/wp-json\/wp\/v2\/types\/page"}],"author":[{"embeddable":true,"href":"https:\/\/insight42.com\/de\/wp-json\/wp\/v2\/users\/1"}],"replies":[{"embeddable":true,"href":"https:\/\/insight42.com\/de\/wp-json\/wp\/v2\/comments?post=1333"}],"version-history":[{"count":5,"href":"https:\/\/insight42.com\/de\/wp-json\/wp\/v2\/pages\/1333\/revisions"}],"predecessor-version":[{"id":1409,"href":"https:\/\/insight42.com\/de\/wp-json\/wp\/v2\/pages\/1333\/revisions\/1409"}],"wp:attachment":[{"href":"https:\/\/insight42.com\/de\/wp-json\/wp\/v2\/media?parent=1333"}],"curies":[{"name":"wp","href":"https:\/\/api.w.org\/{rel}","templated":true}]}}